{"id":253,"date":"2024-07-31T14:42:27","date_gmt":"2024-07-31T14:42:27","guid":{"rendered":"https:\/\/libra.co.com\/?post_type=product&#038;p=253"},"modified":"2024-07-31T15:52:28","modified_gmt":"2024-07-31T15:52:28","slug":"libra-digest","status":"publish","type":"product","link":"https:\/\/libra.co.com\/fr\/produit\/libra-digest\/","title":{"rendered":"libra\u202f\u00b7\u202fdigest"},"content":{"rendered":"\n<p class=\"\">Blog et glossaire appel\u00e9 S\u00e9lection Sant\u00e9, faisant un point scientifique, concis et pratique sur des pr\u00e9occupations quotidiennes.<\/p>\n\n\n\n<p class=\"\">\u00c0 noter qu\u2019il permet non seulement de maintenir \u00e0 jour les recommandations de l\u2019Assistante Sant\u00e9 Libra, mais aussi d\u2019en diffuser une version digeste dans des canaux plus traditionnels tels que le courriel (lettre d\u2019information).<\/p>\n","protected":false},"featured_media":0,"template":"","categories":[32],"tags":[60,62,65,66,61,64,63],"class_list":["post-253","product","type-product","status-publish","hentry","category-service-fr","tag-blog-fr","tag-glossaire","tag-lettre-dinformation","tag-libra-digest-fr","tag-media-fr","tag-recherche","tag-selection"],"aioseo_notices":[],"_links":{"self":[{"href":"https:\/\/libra.co.com\/fr\/wp-json\/wp\/v2\/product\/253","targetHints":{"allow":["GET"]}}],"collection":[{"href":"https:\/\/libra.co.com\/fr\/wp-json\/wp\/v2\/product"}],"about":[{"href":"https:\/\/libra.co.com\/fr\/wp-json\/wp\/v2\/types\/product"}],"version-history":[{"count":5,"href":"https:\/\/libra.co.com\/fr\/wp-json\/wp\/v2\/product\/253\/revisions"}],"predecessor-version":[{"id":283,"href":"https:\/\/libra.co.com\/fr\/wp-json\/wp\/v2\/product\/253\/revisions\/283"}],"wp:attachment":[{"href":"https:\/\/libra.co.com\/fr\/wp-json\/wp\/v2\/media?parent=253"}],"wp:term":[{"taxonomy":"category","embeddable":true,"href":"https:\/\/libra.co.com\/fr\/wp-json\/wp\/v2\/categories?post=253"},{"taxonomy":"post_tag","embeddable":true,"href":"https:\/\/libra.co.com\/fr\/wp-json\/wp\/v2\/tags?post=253"}],"curies":[{"name":"wp","href":"https:\/\/api.w.org\/{rel}","templated":true}]}}