{"id":242,"date":"2024-07-31T12:47:13","date_gmt":"2024-07-31T12:47:13","guid":{"rendered":"https:\/\/libra.co.com\/?post_type=product&#038;p=242"},"modified":"2024-07-31T15:28:23","modified_gmt":"2024-07-31T15:28:23","slug":"libra-diet","status":"publish","type":"product","link":"https:\/\/libra.co.com\/fr\/produit\/libra-diet\/","title":{"rendered":"libra\u202f\u00b7\u202fdiet"},"content":{"rendered":"\n<p class=\"\">Application Web et mobile (iOS &amp; Android) dite Compagnon Sant\u00e9, int\u00e9grant \u00e0 la fois un Journal holistique, l\u2019Assistante Sant\u00e9 Libra et d\u2019autres fonctionnalit\u00e9s pour mieux se conna\u00eetre, \u00eatre soutenu ou encore faciliter sa vie quotidienne, vers une vie \u00e9quilibr\u00e9e\u2026<\/p>\n\n\n\n<p class=\"\">\u00c0 noter qu\u2019elle permet de cadrer les informations renseign\u00e9es par l\u2019utilisateur et ainsi mieux \u00ab\u00a0conditionner\u00a0\u00bb l\u2019Assistante Sant\u00e9 Libra\u2026<\/p>\n","protected":false},"featured_media":0,"template":"","categories":[32],"tags":[48,49,50,41,23,52,51],"class_list":["post-242","product","type-product","status-publish","hentry","category-service-fr","tag-android-fr","tag-app-fr","tag-ios-fr","tag-libra-fr","tag-libra-diet-fr","tag-mobile-fr","tag-web-fr"],"aioseo_notices":[],"_links":{"self":[{"href":"https:\/\/libra.co.com\/fr\/wp-json\/wp\/v2\/product\/242","targetHints":{"allow":["GET"]}}],"collection":[{"href":"https:\/\/libra.co.com\/fr\/wp-json\/wp\/v2\/product"}],"about":[{"href":"https:\/\/libra.co.com\/fr\/wp-json\/wp\/v2\/types\/product"}],"version-history":[{"count":4,"href":"https:\/\/libra.co.com\/fr\/wp-json\/wp\/v2\/product\/242\/revisions"}],"predecessor-version":[{"id":273,"href":"https:\/\/libra.co.com\/fr\/wp-json\/wp\/v2\/product\/242\/revisions\/273"}],"wp:attachment":[{"href":"https:\/\/libra.co.com\/fr\/wp-json\/wp\/v2\/media?parent=242"}],"wp:term":[{"taxonomy":"category","embeddable":true,"href":"https:\/\/libra.co.com\/fr\/wp-json\/wp\/v2\/categories?post=242"},{"taxonomy":"post_tag","embeddable":true,"href":"https:\/\/libra.co.com\/fr\/wp-json\/wp\/v2\/tags?post=242"}],"curies":[{"name":"wp","href":"https:\/\/api.w.org\/{rel}","templated":true}]}}