{"id":59,"date":"2024-07-09T10:20:44","date_gmt":"2024-07-09T10:20:44","guid":{"rendered":"https:\/\/ztd.izs.mybluehost.me\/libraandco\/?page_id=59"},"modified":"2024-07-19T08:54:58","modified_gmt":"2024-07-19T08:54:58","slug":"faq","status":"publish","type":"page","link":"https:\/\/libra.co.com\/fr\/faq\/","title":{"rendered":"FAQ"},"content":{"rendered":"\n<h2 class=\"wp-block-heading\">Libra\u202f\u00b7\u202f\u202f\u00b7\u202f\u202f\u00b7<\/h2>\n\n\n\n<h3 class=\"wp-block-heading\">libra\u202f\u00b7\u202fsista<\/h3>\n\n\n\n<div class=\"nfd-container nfd-p-lg wp-block-group nfd-bg-surface nfd-theme-light has-global-padding is-layout-constrained wp-block-group-is-layout-constrained\">\n<div class=\"wp-block-columns is-layout-flex wp-container-core-columns-is-layout-28f84493 wp-block-columns-is-layout-flex\">\n<div class=\"wp-block-column is-layout-flow wp-block-column-is-layout-flow\">\n<details class=\"nfd-text-md nfd-p-card-sm nfd-rounded nfd-text-contrast nfd-shadow-xs wp-block-details has-base-background-color has-background is-layout-flow wp-block-details-is-layout-flow\" style=\"border-width:1px;font-style:normal;font-weight:500\"><summary>A quel num\u00e9ro envoyer un message&nbsp;?<\/summary>\n<p class=\"nfd-text-base nfd-text-faded\" style=\"margin-top:var(--wp--preset--spacing--10);font-style:normal;font-weight:400\"><a href=\"https:\/\/wa.me\/+12029026640?text=How+can+you+help+me%3F\" target=\"_blank\" rel=\"noreferrer noopener\"><a href=\"https:\/\/wa.me\/+12029026640?text=Comment%20peux-tu%20m%92aider%C2%A0%3F\" target=\"_blank\" rel=\"noreferrer noopener\">+1 (202) 902-6640<\/a><\/a><\/p>\n<\/details>\n<\/div>\n\n\n\n<div class=\"wp-block-column is-layout-flow wp-block-column-is-layout-flow\">\n<details class=\"nfd-text-md nfd-p-card-sm nfd-rounded nfd-text-contrast nfd-shadow-xs wp-block-details has-base-background-color has-background is-layout-flow wp-block-details-is-layout-flow\" style=\"border-width:1px;font-style:normal;font-weight:500\"><summary>Est-ce gratuit&nbsp;?<\/summary>\n<p class=\"nfd-text-base nfd-text-faded\" style=\"margin-top:var(--wp--preset--spacing--10);font-style:normal;font-weight:400\">libra\u202f\u00b7\u202fsista sera toujours disponible gratuitement. Toutefois, l\u2019utilisation hebdomadaire en est limit\u00e9e. Si jamais vous atteignez votre quota, vous serez invit\u00e9 \u00e0 vous abonner pour un acc\u00e8s illimit\u00e9.<br>Par ailleurs, le service ne prend pas en compte les co\u00fbts de votre op\u00e9rateur mobile (SMS ou Data pour WhatsApp)\u2026<\/p>\n<\/details>\n<\/div>\n<\/div>\n<\/div>\n\n\n\n<h3 class=\"wp-block-heading\">Libra<\/h3>\n\n\n\n<div class=\"nfd-container nfd-p-lg wp-block-group nfd-bg-surface nfd-theme-light has-global-padding is-layout-constrained wp-block-group-is-layout-constrained\">\n<div class=\"wp-block-columns is-layout-flex wp-container-core-columns-is-layout-28f84493 wp-block-columns-is-layout-flex\">\n<div class=\"wp-block-column is-layout-flow wp-block-column-is-layout-flow\">\n<details class=\"nfd-text-md nfd-p-card-sm nfd-rounded nfd-text-contrast nfd-shadow-xs wp-block-details has-base-background-color has-background is-layout-flow wp-block-details-is-layout-flow\" style=\"border-width:1px;font-style:normal;font-weight:500\"><summary>Pourquoi ce nom&nbsp;?<\/summary>\n<p class=\"nfd-text-base nfd-text-faded\" style=\"margin-top:var(--wp--preset--spacing--10);font-style:normal;font-weight:400\">Libra est un signe astrologique du zodiaque (la Balance) dont le symbole est une balance. Il a \u00e9t\u00e9 choisi pour sa proximit\u00e9 avec notre mission de vous accompagner vers un mode de vie \u00e9quilibr\u00e9. Libra fait \u00e9galement r\u00e9f\u00e9rence \u00e0 la libert\u00e9 des moyens pour atteindre cet objectif d\u2019\u00e9quilibre\u2026<\/p>\n<\/details>\n<\/div>\n\n\n\n<div class=\"wp-block-column is-layout-flow wp-block-column-is-layout-flow\"><\/div>\n<\/div>\n<\/div>\n\n\n\n<h3 class=\"wp-block-heading\">Libra &amp; Co<\/h3>\n\n\n\n<div class=\"nfd-container nfd-p-lg wp-block-group nfd-bg-surface nfd-theme-light has-global-padding is-layout-constrained wp-block-group-is-layout-constrained\">\n<div class=\"wp-block-columns is-layout-flex wp-container-core-columns-is-layout-28f84493 wp-block-columns-is-layout-flex\">\n<div class=\"wp-block-column is-layout-flow wp-block-column-is-layout-flow\">\n<details class=\"nfd-text-md nfd-p-card-sm nfd-rounded nfd-text-contrast nfd-shadow-xs wp-block-details has-base-background-color has-background is-layout-flow wp-block-details-is-layout-flow\" style=\"border-width:1px;font-style:normal;font-weight:500\"><summary>O\u00f9 puis-je g\u00e9rer mes abonnements&nbsp;?<\/summary>\n<p class=\"nfd-text-base nfd-text-faded\" style=\"margin-top:var(--wp--preset--spacing--10);font-style:normal;font-weight:400\">Veuillez acc\u00e9der \u00e0 votre&nbsp;<a href=\"https:\/\/lbr.ai\/billing\" target=\"_blank\" rel=\"noreferrer noopener\">Portail client<\/a>.<\/p>\n<\/details>\n<\/div>\n\n\n\n<div class=\"wp-block-column is-layout-flow wp-block-column-is-layout-flow\">\n<details class=\"nfd-text-md nfd-p-card-sm nfd-rounded nfd-text-contrast nfd-shadow-xs wp-block-details has-base-background-color has-background is-layout-flow wp-block-details-is-layout-flow\" style=\"border-width:1px;font-style:normal;font-weight:500\"><summary>Comment mes informations personnelles sont-elles s\u00e9curis\u00e9es\u00a0?<\/summary>\n<p class=\"nfd-text-base nfd-text-faded\" style=\"margin-top:var(--wp--preset--spacing--10);font-style:normal;font-weight:400\">Chez Libra\u00a0&amp;\u00a0Co, la protection de votre vie priv\u00e9e et la s\u00e9curit\u00e9 de vos informations personnelles sont de la plus haute importance. Nous avons mis en place des mesures de s\u00e9curit\u00e9 rigoureuses et adh\u00e9rons aux meilleures pratiques du secteur pour garantir la confidentialit\u00e9 et l\u2019int\u00e9grit\u00e9 de vos donn\u00e9es. Notre engagement en faveur de la confidentialit\u00e9 des donn\u00e9es comprend l\u2019utilisation de m\u00e9thodes de cryptage avanc\u00e9es, de contr\u00f4les d\u2019acc\u00e8s stricts et de protocoles robustes pour prot\u00e9ger vos informations personnelles contre tout acc\u00e8s non autoris\u00e9, toute perte ou toute utilisation abusive. Nous contr\u00f4lons et mettons constamment \u00e0 jour nos pratiques de s\u00e9curit\u00e9 afin de nous tenir au courant des nouvelles menaces et de maintenir les normes les plus \u00e9lev\u00e9es en mati\u00e8re de protection des donn\u00e9es. Vous pouvez avoir l\u2019esprit tranquille en sachant que vos informations personnelles sont trait\u00e9es avec le plus grand soin et le plus grand respect lorsque vous utilisez les services Libra. Veuillez consulter notre <a href=\"https:\/\/libra.co.com\/fr\/politique-de-confidentialite\/\" data-type=\"page\" data-id=\"109\">Politique de Confidentialit\u00e9<\/a> pour de d\u00e9tails&#8230;<\/p>\n<\/details>\n<\/div>\n<\/div>\n<\/div>\n\n\n\n<p class=\"\"><\/p>\n","protected":false},"excerpt":{"rendered":"<p>Libra\u202f\u00b7\u202f\u202f\u00b7\u202f\u202f\u00b7 libra\u202f\u00b7\u202fsista Libra Libra &amp; Co<\/p>\n","protected":false},"author":1,"featured_media":0,"parent":0,"menu_order":0,"comment_status":"closed","ping_status":"closed","template":"","meta":{"nf_dc_page":"","om_disable_all_campaigns":false,"_monsterinsights_skip_tracking":false,"_monsterinsights_sitenote_active":false,"_monsterinsights_sitenote_note":"","_monsterinsights_sitenote_category":0,"_uf_show_specific_survey":0,"_uf_disable_surveys":false,"footnotes":""},"class_list":["post-59","page","type-page","status-publish","hentry"],"aioseo_notices":[],"_links":{"self":[{"href":"https:\/\/libra.co.com\/fr\/wp-json\/wp\/v2\/pages\/59","targetHints":{"allow":["GET"]}}],"collection":[{"href":"https:\/\/libra.co.com\/fr\/wp-json\/wp\/v2\/pages"}],"about":[{"href":"https:\/\/libra.co.com\/fr\/wp-json\/wp\/v2\/types\/page"}],"author":[{"embeddable":true,"href":"https:\/\/libra.co.com\/fr\/wp-json\/wp\/v2\/users\/1"}],"replies":[{"embeddable":true,"href":"https:\/\/libra.co.com\/fr\/wp-json\/wp\/v2\/comments?post=59"}],"version-history":[{"count":2,"href":"https:\/\/libra.co.com\/fr\/wp-json\/wp\/v2\/pages\/59\/revisions"}],"predecessor-version":[{"id":191,"href":"https:\/\/libra.co.com\/fr\/wp-json\/wp\/v2\/pages\/59\/revisions\/191"}],"wp:attachment":[{"href":"https:\/\/libra.co.com\/fr\/wp-json\/wp\/v2\/media?parent=59"}],"curies":[{"name":"wp","href":"https:\/\/api.w.org\/{rel}","templated":true}]}}