{"id":55,"date":"2024-07-09T10:11:45","date_gmt":"2024-07-09T10:11:45","guid":{"rendered":"https:\/\/ztd.izs.mybluehost.me\/libraandco\/?page_id=55"},"modified":"2024-07-31T16:03:30","modified_gmt":"2024-07-31T16:03:30","slug":"a-propos","status":"publish","type":"page","link":"https:\/\/libra.co.com\/fr\/a-propos\/","title":{"rendered":"\u00c0 propos"},"content":{"rendered":"\n<h2 class=\"wp-block-heading\">Libra\u202f\u00b7\u202f\u202f\u00b7\u202f\u202f\u00b7\u202f<\/h2>\n\n\n\n<h3 class=\"wp-block-heading\">libra\u202f\u00b7\u202fdiet<\/h3>\n\n\n\n<p class=\"\"><a href=\"https:\/\/libra.co.com\/fr\/produit\/libra-diet\/\" title=\"libra\u202f\u00b7\u202fdiet\">libra\u202f\u00b7\u202fdiet<\/a> est votre Compagnon Sant\u00e9, une application au-del\u00e0 de la journalisation, qui non seulement vous accompagne vers une vie \u00e9quilibr\u00e9e, mais vous invite \u00e9galement \u00e0 prendre le temps d\u2019en apprendre davantage sur vous-m\u00eame.<\/p>\n\n\n\n<h3 class=\"wp-block-heading\">libra\u202f\u00b7\u202fsista<\/h3>\n\n\n\n<p class=\"\"><a href=\"https:\/\/libra.co.com\/fr\/produit\/libra-sista\/\" title=\"libra\u202f\u00b7\u202fsista\">libra\u202f\u00b7\u202fsista<\/a> est notre Int\u00e9gration Sant\u00e9, un moyen d\u2019\u00eatre accompagn\u00e9 par l\u2019Assistante Sant\u00e9 Libra via les technologies de communication mobile, \u00e0 savoir WhatsApp ou SMS.<\/p>\n\n\n\n<h3 class=\"wp-block-heading\">libra\u202f\u00b7\u202fdigest<\/h3>\n\n\n\n<p class=\"\"><a href=\"https:\/\/libra.co.com\/fr\/produit\/libra-digest\/\" title=\"libra\u202f\u00b7\u202fdigest\">libra\u202f\u00b7\u202fdigest<\/a> est notre portail de S\u00e9lection Sant\u00e9, vous donnant acc\u00e8s \u00e0 nos articles de blog, \u00e0 nos \u00e9pisodes de podcast et \u00e0 un glossaire sp\u00e9cialis\u00e9 sur la sant\u00e9 holistique.<\/p>\n\n\n\n<h3 class=\"wp-block-heading\">libra\u202f\u00b7\u202fon\u202fair<\/h3>\n\n\n\n<p class=\"\"><a href=\"https:\/\/libra.co.com\/fr\/produit\/libra-on-air\/\" title=\"libra\u202f\u00b7\u202fon\u202fair\">libra\u202f\u00b7\u202fon\u202fair<\/a> est votre Podcast Sant\u00e9, anim\u00e9 par Yassine Damil. Il partage avec vous le carnet de voyage de tout ce qu\u2019il a appris au cours des derni\u00e8res ann\u00e9es en d\u00e9veloppant l\u2019IA, l\u2019Intelligence Artificielle, derri\u00e8re libra\u202f\u00b7\u202fdiet.<\/p>\n\n\n\n<h3 class=\"wp-block-heading\">Libra<\/h3>\n\n\n\n<p class=\"\">Libra est votre Assistante Sant\u00e9, qui vous prodigue des explications, des conseils et des recommandations sur la sant\u00e9 holistique et qui veille \u00e0 (re)calibrer vos besoins sant\u00e9, en cours de route.<\/p>\n\n\n\n<h3 class=\"wp-block-heading\">Libra&nbsp;&amp;&nbsp;Co<\/h3>\n\n\n\n<p class=\"\">Libra\u00a0&amp;\u00a0Co est plus que l\u2019entreprise derri\u00e8re les marques Libra, elle est \u00e9galement destin\u00e9e \u00e0 devenir une plateforme permettant aux professionnels de la sant\u00e9 de fournir des prestations plus individualis\u00e9es.<\/p>\n\n\n\n<h2 class=\"wp-block-heading\">Raison d\u2019\u00eatre<\/h2>\n\n\n\n<p class=\"\">Notre mission est de vous accompagner vers une vie \u00e9quilibr\u00e9e. Vous pourrez toujours b\u00e9n\u00e9ficier de conseils personnalis\u00e9s en mati\u00e8re de sant\u00e9 holistique, et ce gratuitement. C\u2019est notre objectif social.<\/p>\n\n\n\n<h2 class=\"wp-block-heading\">Yassine Damil<\/h2>\n\n\n\n<p class=\"\">Yassine Damil est le fondateur de Libra &amp; Co.<\/p>\n\n\n\n<p class=\"\">C\u2019est d\u2019abord un entrepreneur convaincu par la sant\u00e9 holistique, qui a commenc\u00e9 tr\u00e8s jeune \u00e0 vouloir optimiser ses performances sportives par la nutrition et la pr\u00e9paration mentale.<\/p>\n\n\n\n<p class=\"\">Il incarne aussi la vision de son entreprise&nbsp;:<\/p>\n\n\n\n<ul class=\"wp-block-list\">\n<li class=\"\">La d\u00e9marche scientifique indispensable au domaine, et qui se manifeste par la volont\u00e9 de transparence<\/li>\n\n\n\n<li class=\"\">La mission de d\u00e9mocratiser la sant\u00e9 gr\u00e2ce \u00e0 la technologie, la rendant ainsi accessible \u00e0 tous<\/li>\n\n\n\n<li class=\"\">La convergence de comp\u00e9tences pluridisciplinaires (techniques, m\u00e9tiers et&nbsp;<em>business<\/em>) permettant de concr\u00e9tiser cette vision<\/li>\n<\/ul>\n\n\n\n<p class=\"\">Dipl\u00f4m\u00e9 d\u2019HEC Paris, il a toujours veill\u00e9 \u00e0 appliquer cet esprit d\u2019innovation dans ses divers projets professionnels. Revenant finalement au domaine de la sant\u00e9 qui lui tient \u00e0 c\u0153ur, il a d\u00e9cid\u00e9 de renforcer son expertise par des formations aussi bien technique (programmation) que m\u00e9tiers (coaching). C\u2019est ainsi que se forge son positionnement distinctif, qui lui permet de traduire les probl\u00e9matiques du grand public, autant que des professionnels de la sant\u00e9, en solutions concr\u00e8tes.<\/p>\n\n\n\n<p class=\"\">Tr\u00e8s pragmatique, il a l\u2019habitude de dire \u00ab&nbsp;<em>The proof is in the pudding<\/em>&nbsp;\u00bb, invitant les sceptiques \u00e0 appr\u00e9cier la valeur du travail fourni en go\u00fbtant \u00e0 ses services&#8230;<\/p>\n","protected":false},"excerpt":{"rendered":"<p>Libra\u202f\u00b7\u202f\u202f\u00b7\u202f\u202f\u00b7\u202f libra\u202f\u00b7\u202fdiet libra\u202f\u00b7\u202fdiet est votre Compagnon Sant\u00e9, une application au-del\u00e0 de la journalisation, qui non seulement vous accompagne vers une vie \u00e9quilibr\u00e9e, mais vous invite \u00e9galement \u00e0 prendre le temps d\u2019en apprendre davantage sur vous-m\u00eame. libra\u202f\u00b7\u202fsista libra\u202f\u00b7\u202fsista est notre Int\u00e9gration Sant\u00e9, un moyen d\u2019\u00eatre accompagn\u00e9 par l\u2019Assistante Sant\u00e9 Libra via les technologies de communication mobile, [&hellip;]<\/p>\n","protected":false},"author":1,"featured_media":0,"parent":0,"menu_order":0,"comment_status":"closed","ping_status":"closed","template":"","meta":{"nf_dc_page":"","om_disable_all_campaigns":false,"_monsterinsights_skip_tracking":false,"_monsterinsights_sitenote_active":false,"_monsterinsights_sitenote_note":"","_monsterinsights_sitenote_category":0,"_uf_show_specific_survey":0,"_uf_disable_surveys":false,"footnotes":""},"class_list":["post-55","page","type-page","status-publish","hentry"],"aioseo_notices":[],"_links":{"self":[{"href":"https:\/\/libra.co.com\/fr\/wp-json\/wp\/v2\/pages\/55","targetHints":{"allow":["GET"]}}],"collection":[{"href":"https:\/\/libra.co.com\/fr\/wp-json\/wp\/v2\/pages"}],"about":[{"href":"https:\/\/libra.co.com\/fr\/wp-json\/wp\/v2\/types\/page"}],"author":[{"embeddable":true,"href":"https:\/\/libra.co.com\/fr\/wp-json\/wp\/v2\/users\/1"}],"replies":[{"embeddable":true,"href":"https:\/\/libra.co.com\/fr\/wp-json\/wp\/v2\/comments?post=55"}],"version-history":[{"count":4,"href":"https:\/\/libra.co.com\/fr\/wp-json\/wp\/v2\/pages\/55\/revisions"}],"predecessor-version":[{"id":287,"href":"https:\/\/libra.co.com\/fr\/wp-json\/wp\/v2\/pages\/55\/revisions\/287"}],"wp:attachment":[{"href":"https:\/\/libra.co.com\/fr\/wp-json\/wp\/v2\/media?parent=55"}],"curies":[{"name":"wp","href":"https:\/\/api.w.org\/{rel}","templated":true}]}}