{"id":109,"date":"2024-07-08T14:40:05","date_gmt":"2024-07-08T14:40:05","guid":{"rendered":"https:\/\/ztd.izs.mybluehost.me\/libraandco\/?page_id=109"},"modified":"2024-07-10T14:38:59","modified_gmt":"2024-07-10T14:38:59","slug":"politique-de-confidentialite","status":"publish","type":"page","link":"https:\/\/libra.co.com\/fr\/politique-de-confidentialite\/","title":{"rendered":"Politique de Confidentialit\u00e9"},"content":{"rendered":"\n<p class=\"\">Derni\u00e8re mise \u00e0 jour&nbsp;: 21 octobre 2022<\/p>\n\n\n\n<p class=\"\">La pr\u00e9sente Politique de confidentialit\u00e9 d\u00e9crit Nos politiques et proc\u00e9dures en mati\u00e8re de collecte, d\u2019utilisation et de divulgation de Vos informations lorsque Vous utilisez Nos Services et Vous informe de Vos droits en mati\u00e8re de confidentialit\u00e9 et de la mani\u00e8re dont la loi Vous prot\u00e8ge.<\/p>\n\n\n\n<p class=\"\">Nous utilisons Vos Donn\u00e9es personnelles pour fournir et am\u00e9liorer Nos Services. En utilisant un Service, Vous acceptez la collecte et l\u2019utilisation des informations conform\u00e9ment \u00e0 la pr\u00e9sente Politique de confidentialit\u00e9.<\/p>\n\n\n\n<h2 class=\"wp-block-heading\">Interpr\u00e9tation et d\u00e9finitions<\/h2>\n\n\n\n<h3 class=\"wp-block-heading\">Interpr\u00e9tation<\/h3>\n\n\n\n<p class=\"\">Les termes dont l\u2019initiale est en majuscule ont le sens d\u00e9fini dans les Conditions ci-apr\u00e8s. Ces d\u00e9finitions ont la m\u00eame signification, que les termes apparaissent au singulier ou au pluriel.<\/p>\n\n\n\n<h3 class=\"wp-block-heading\">D\u00e9finitions<\/h3>\n\n\n\n<p class=\"\">Pour les besoins de la pr\u00e9sente Politique de Confidentialit\u00e9\u00a0:<\/p>\n\n\n\n<ul class=\"wp-block-list\">\n<li class=\"\"><strong>Appareil<\/strong> fait r\u00e9f\u00e9rence \u00e0 tout dispositif pouvant acc\u00e9der aux Services, tel qu\u2019un ordinateur personnel, un appareil mobile (smartphone ou tablette), un assistant virtuel int\u00e9gr\u00e9 (haut-parleur intelligent ou t\u00e9l\u00e9viseur) ou un appareil \u00e9lectronique grand public \u00e9quivalent.<\/li>\n\n\n\n<li class=\"\"><strong>Application<\/strong> fait r\u00e9f\u00e9rence aux Services disponibles sous la forme d\u2019un Site web ou d\u2019une application native de syst\u00e8me d\u2019exploitation mobile (iOS ou Android).<\/li>\n\n\n\n<li class=\"\"><strong>Compte<\/strong> d\u00e9signe un compte unique cr\u00e9\u00e9 pour Vous afin d\u2019acc\u00e9der \u00e0 Nos Services ou \u00e0 certaines parties de Nos Services.<\/li>\n\n\n\n<li class=\"\"><strong>Cookie<\/strong> d\u00e9signe un petit fichier qui est plac\u00e9 sur Votre Appareil par un site web, contenant les d\u00e9tails de votre historique de navigation sur ce site web parmi ses nombreuses utilisations.<\/li>\n\n\n\n<li class=\"\"><strong>Donn\u00e9es d\u2019utilisation<\/strong> d\u00e9signe les donn\u00e9es collect\u00e9es automatiquement, soit g\u00e9n\u00e9r\u00e9es par l\u2019utilisation d\u2019un Service, soit provenant de l\u2019infrastructure d\u2019un Service elle-m\u00eame (par exemple, la dur\u00e9e de la visite d\u2019une page).<\/li>\n\n\n\n<li class=\"\"><strong>Donn\u00e9es personnelles<\/strong> d\u00e9signe toute information qui se rapporte \u00e0 un individu identifi\u00e9 ou identifiable.<br>Aux fins du RGPD, les Donn\u00e9es personnelles d\u00e9signent toute information Vous concernant, telle qu\u2019un nom, un num\u00e9ro d\u2019identification, des donn\u00e9es de localisation, un identifiant en ligne ou \u00e0 un ou plusieurs facteurs sp\u00e9cifiques \u00e0 l\u2019identit\u00e9 physique, physiologique, g\u00e9n\u00e9tique, mentale, \u00e9conomique, culturelle ou sociale.<\/li>\n\n\n\n<li class=\"\"><strong>Filiale<\/strong> signifie une entit\u00e9 qui contr\u00f4le, est contr\u00f4l\u00e9e par ou est sous contr\u00f4le commun avec une partie, o\u00f9 \u00ab&nbsp;contr\u00f4le&nbsp;\u00bb signifie la propri\u00e9t\u00e9 de 50&nbsp;% ou plus des actions, la participation au capital ou d\u2019autres titres donnant droit de vote pour l\u2019\u00e9lection des administrateurs ou d\u2019une autre autorit\u00e9 de gestion.<\/li>\n\n\n\n<li class=\"\"><strong>Int\u00e9gration<\/strong> fait r\u00e9f\u00e9rence \u00e0 un Service auquel on acc\u00e8de par l\u2019interm\u00e9diaire d\u2019une application tierce, par exemple <a href=\"https:\/\/wa.me\/+12029026640\">libra\u202f\u00b7\u202fsista<\/a> (via WhatsApp), ou d\u2019un Appareil.<\/li>\n\n\n\n<li class=\"\"><strong>Pays<\/strong> fait r\u00e9f\u00e9rence \u00e0&nbsp;: France.<\/li>\n\n\n\n<li class=\"\"><strong>Prestataire de services<\/strong> d\u00e9signe toute personne physique ou morale qui traite les donn\u00e9es pour le compte de la Soci\u00e9t\u00e9. Il s\u2019agit de soci\u00e9t\u00e9s tierces ou de personnes employ\u00e9es par la Soci\u00e9t\u00e9 pour faciliter un Service, pour fournir un Service au nom de la Soci\u00e9t\u00e9, pour effectuer des services li\u00e9s \u00e0 un Service ou pour aider la Soci\u00e9t\u00e9 \u00e0 analyser la fa\u00e7on dont un Service est utilis\u00e9.<br>Aux fins du RGPD, les Prestataires de services sont consid\u00e9r\u00e9s comme des Sous-traitants.<\/li>\n\n\n\n<li class=\"\"><strong>Produits<\/strong> fait r\u00e9f\u00e9rence aux services de Sant\u00e9 ou aux biens (num\u00e9riques ou physiques) propos\u00e9s (gratuitement ou \u00e0 la vente) sur les Services.<\/li>\n\n\n\n<li class=\"\"><strong>RGPD<\/strong> signifie R\u00e8glement g\u00e9n\u00e9ral sur la protection des donn\u00e9es.<\/li>\n\n\n\n<li class=\"\"><strong>Sant\u00e9<\/strong> signifie ici le processus actif visant \u00e0 atteindre un bon \u00e9tat de sant\u00e9 et s\u2019entend ici dans une approche holistique, c\u2019est-\u00e0-dire dans laquelle les \u00e9tats physiques et mentaux sont consid\u00e9r\u00e9s en relation avec l\u2019environnement.<br>Il couvre la nutrition, la condition physique (y compris le sommeil) et la sant\u00e9 mentale.<\/li>\n\n\n\n<li class=\"\"><strong>Services<\/strong> fait r\u00e9f\u00e9rence aux Produits accessibles via une Application, une Int\u00e9gration ou la T\u00e9l\u00e9sant\u00e9.<\/li>\n\n\n\n<li class=\"\"><strong>Site web<\/strong> fait r\u00e9f\u00e9rence \u00e0 libra\u202f\u00b7\u202fdiet, accessible \u00e0 partir de <a href=\"https:\/\/www.libra.diet\/fr\">libra.diet<\/a>.<\/li>\n\n\n\n<li class=\"\"><strong>Soci\u00e9t\u00e9<\/strong> (aussi mentionn\u00e9 \u00ab&nbsp;Nous&nbsp;\u00bb ou \u00ab&nbsp;Notre&nbsp;\u00bb) fait r\u00e9f\u00e9rence \u00e0 Libra&nbsp;&amp;&nbsp;Co SAS, 11 rue Roger Bacon, 75017 Paris.<br>Pour les besoins du RGPD, la soci\u00e9t\u00e9 est le Responsable du traitement.<\/li>\n\n\n\n<li class=\"\"><strong>T\u00e9l\u00e9sant\u00e9<\/strong> signifie la fourniture des Produits gr\u00e2ce aux technologies de t\u00e9l\u00e9communication.<\/li>\n\n\n\n<li class=\"\"><strong>Vous<\/strong> (aussi mentionn\u00e9 \u00ab&nbsp;Utilisateur&nbsp;\u00bb ou \u00ab&nbsp;Votre&nbsp;\u00bb) renvoit \u00e0 l\u2019individu acc\u00e9dant ou utilisant le Service, ou la soci\u00e9t\u00e9, ou toute autre entit\u00e9 juridique au nom de laquelle cet individu acc\u00e8de ou utilise le Service, selon le cas.<br>En vertu du RGPD, Vous pouvez \u00eatre d\u00e9sign\u00e9 comme la personne concern\u00e9e ou comme l\u2019Utilisateur car Vous \u00eates la personne physique qui utilise le Service.<\/li>\n<\/ul>\n\n\n\n<p class=\"\"><\/p>\n\n\n\n<p class=\"\"><em>[La suite est disponible en langue anglaise&#8230;]<\/em><\/p>\n","protected":false},"excerpt":{"rendered":"<p>Derni\u00e8re mise \u00e0 jour&nbsp;: 21 octobre 2022 La pr\u00e9sente Politique de confidentialit\u00e9 d\u00e9crit Nos politiques et proc\u00e9dures en mati\u00e8re de collecte, d\u2019utilisation et de divulgation de Vos informations lorsque Vous utilisez Nos Services et Vous informe de Vos droits en mati\u00e8re de confidentialit\u00e9 et de la mani\u00e8re dont la loi Vous prot\u00e8ge. Nous utilisons Vos [&hellip;]<\/p>\n","protected":false},"author":1,"featured_media":0,"parent":0,"menu_order":0,"comment_status":"closed","ping_status":"open","template":"","meta":{"nf_dc_page":"","om_disable_all_campaigns":false,"_monsterinsights_skip_tracking":false,"_monsterinsights_sitenote_active":false,"_monsterinsights_sitenote_note":"","_monsterinsights_sitenote_category":0,"_uf_show_specific_survey":0,"_uf_disable_surveys":false,"footnotes":""},"class_list":["post-109","page","type-page","status-publish","hentry"],"aioseo_notices":[],"_links":{"self":[{"href":"https:\/\/libra.co.com\/fr\/wp-json\/wp\/v2\/pages\/109","targetHints":{"allow":["GET"]}}],"collection":[{"href":"https:\/\/libra.co.com\/fr\/wp-json\/wp\/v2\/pages"}],"about":[{"href":"https:\/\/libra.co.com\/fr\/wp-json\/wp\/v2\/types\/page"}],"author":[{"embeddable":true,"href":"https:\/\/libra.co.com\/fr\/wp-json\/wp\/v2\/users\/1"}],"replies":[{"embeddable":true,"href":"https:\/\/libra.co.com\/fr\/wp-json\/wp\/v2\/comments?post=109"}],"version-history":[{"count":2,"href":"https:\/\/libra.co.com\/fr\/wp-json\/wp\/v2\/pages\/109\/revisions"}],"predecessor-version":[{"id":123,"href":"https:\/\/libra.co.com\/fr\/wp-json\/wp\/v2\/pages\/109\/revisions\/123"}],"wp:attachment":[{"href":"https:\/\/libra.co.com\/fr\/wp-json\/wp\/v2\/media?parent=109"}],"curies":[{"name":"wp","href":"https:\/\/api.w.org\/{rel}","templated":true}]}}